{"id":19,"date":"2020-06-22T07:21:45","date_gmt":"2020-06-22T07:21:45","guid":{"rendered":"http:\/\/sw-themes.com\/porto_dummy\/elementor\/it-services\/?page_id=19"},"modified":"2021-07-19T14:46:51","modified_gmt":"2021-07-19T12:46:51","slug":"about-us","status":"publish","type":"page","link":"https:\/\/bontruk.com\/pl\/about-us\/","title":{"rendered":"O NAS"},"content":{"rendered":"<div data-elementor-type=\"wp-page\" data-elementor-id=\"19\" class=\"elementor elementor-19\" data-elementor-settings=\"[]\">\n\t\t\t\t\t\t\t<div class=\"elementor-section-wrap\">\n\t\t\t\t\t\t\t<section class=\"elementor-section elementor-top-section elementor-element elementor-element-08ed5e1 elementor-section-boxed elementor-section-height-default elementor-section-height-default\" data-id=\"08ed5e1\" data-element_type=\"section\" data-settings=\"{&quot;background_background&quot;:&quot;classic&quot;}\">\r\n\t\t\t\r\n\t\t\t\t\t\t\t\t\t<div class=\"elementor-container elementor-column-gap-default\">\r\n\t\t\t\t\t\t\t\t\t\t\t<div class=\"elementor-column elementor-col-50 elementor-top-column elementor-element elementor-element-e19eeea\" data-id=\"e19eeea\" data-element_type=\"column\">\n\t\t\t<div class=\"elementor-widget-wrap elementor-element-populated\">\n\t\t\t\t\t\t\t\t<div class=\"elementor-element elementor-element-c55c2de mb-1 elementor-widget elementor-widget-heading\" data-id=\"c55c2de\" data-element_type=\"widget\" data-settings=\"{&quot;_animation&quot;:&quot;none&quot;,&quot;_animation_delay&quot;:700}\" data-widget_type=\"heading.default\">\n\t\t\t\t<div class=\"elementor-widget-container\">\n\t\t\t<p class=\"elementor-heading-title elementor-size-default\">KIM JESTE\u015aMY<\/p>\t\t<\/div>\n\t\t\t\t<\/div>\n\t\t\t\t<div class=\"elementor-element elementor-element-95140a7 mb-4 pb-3 elementor-widget elementor-widget-heading\" data-id=\"95140a7\" data-element_type=\"widget\" data-settings=\"{&quot;_animation&quot;:&quot;none&quot;,&quot;_animation_delay&quot;:900}\" data-widget_type=\"heading.default\">\n\t\t\t\t<div class=\"elementor-widget-container\">\n\t\t\t<h2 class=\"elementor-heading-title elementor-size-default\">\u0141\u0105czymy wybitnych specjalist\u00f3w z r\u00f3\u017cnych dziedzin, aby dostarcza\u0107 najwy\u017cszej jako\u015bci us\u0142ugi analityczne.<\/h2>\t\t<\/div>\n\t\t\t\t<\/div>\n\t\t\t\t<div class=\"elementor-element elementor-element-3d3a8de elementor-widget elementor-widget-porto_ultimate_heading\" data-id=\"3d3a8de\" data-element_type=\"widget\" data-widget_type=\"porto_ultimate_heading.default\">\n\t\t\t\t<div class=\"elementor-widget-container\">\n\t\t\t<div class=\"porto-u-heading\" data-hspacer=\"no_spacer\" data-halign=\"left\" style=\"text-align:left\"><div class=\"porto-u-main-heading\"><h2  style=\"margin-bottom: 10px;\">NOWOCZESNA TECHNOLOGIA W BIZNESIE<\/h2><\/div><div class=\"porto-u-sub-heading\" style=\"\"><p>Pomagamy firmom zwi\u0119kszy\u0107 efektywno\u015b\u0107 dzi\u0119ki wykorzystaniu metod analityki danych. Jeste\u015bmy partnerami technologicznymi i dbamy o w\u0142a\u015bciwy dob\u00f3r narz\u0119dzi w zale\u017cno\u015bci od potrzeb klienta.<\/p><\/div><\/div>\t\t<\/div>\n\t\t\t\t<\/div>\n\t\t\t\t<div class=\"elementor-element elementor-element-abd4af8 elementor-widget elementor-widget-porto_ultimate_heading\" data-id=\"abd4af8\" data-element_type=\"widget\" data-widget_type=\"porto_ultimate_heading.default\">\n\t\t\t\t<div class=\"elementor-widget-container\">\n\t\t\t<div class=\"porto-u-heading\" data-hspacer=\"no_spacer\" data-halign=\"left\" style=\"text-align:left\"><div class=\"porto-u-main-heading\"><h2  style=\"margin-bottom: 10px;\">SZTUCZNA INTELIGENCJA<\/h2><\/div><div class=\"porto-u-sub-heading\" style=\"\"><p>Rozpocz\u0119\u0142a si\u0119 rewolucja w dziedzinie sztucznej inteligencji. Przekszta\u0142camy koncepcje naukowe i technologiczne w rozwi\u0105zania biznesowe daj\u0105ce przewag\u0119 konkurencyjn\u0105.<\/p><\/div><\/div>\t\t<\/div>\n\t\t\t\t<\/div>\n\t\t\t\t\t<\/div>\n\t\t<\/div>\n\t\t\t\t<div class=\"elementor-column elementor-col-50 elementor-top-column elementor-element elementor-element-c20da65 ml-xl-auto elementor-hidden-phone\" data-id=\"c20da65\" data-element_type=\"column\">\n\t\t\t<div class=\"elementor-widget-wrap elementor-element-populated\">\n\t\t\t\t\t\t\t\t<div class=\"elementor-element elementor-element-f54ed1e elementor-widget elementor-widget-image\" data-id=\"f54ed1e\" data-element_type=\"widget\" data-settings=\"{&quot;_animation&quot;:&quot;none&quot;,&quot;_animation_delay&quot;:1500}\" data-widget_type=\"image.default\">\n\t\t\t\t<div class=\"elementor-widget-container\">\n\t\t\t\t\t\t\t\t\t\t\t\t\t\t\t<img decoding=\"async\" src=\"https:\/\/bontruk.com\/wp-content\/uploads\/elementor\/thumbs\/WA-_-1953-1-p4cs1u9n98bpe2czo8yxzwsh12pz3e4rbibrmasfl2.jpg\" title=\"WA _ 1953 (1)\" alt=\"WA _ 1953 (1)\" \/>\t\t\t\t\t\t\t\t\t\t\t\t\t\t\t<\/div>\n\t\t\t\t<\/div>\n\t\t\t\t\t<\/div>\n\t\t<\/div>\n\t\t\t\t\t\t<\/div>\r\n\t\t\t\t<\/section>\r\n\t\t\t\t<section class=\"elementor-section elementor-top-section elementor-element elementor-element-90234d2 elementor-reverse-mobile elementor-section-boxed elementor-section-height-default elementor-section-height-default\" data-id=\"90234d2\" data-element_type=\"section\" data-settings=\"{&quot;background_background&quot;:&quot;classic&quot;}\">\r\n\t\t\t\r\n\t\t\t\t\t\t\t\t\t<div class=\"elementor-container elementor-column-gap-default\">\r\n\t\t\t\t\t\t\t\t\t\t\t<div class=\"elementor-column elementor-col-50 elementor-top-column elementor-element elementor-element-6639cb9 ml-xl-auto elementor-hidden-phone\" data-id=\"6639cb9\" data-element_type=\"column\">\n\t\t\t<div class=\"elementor-widget-wrap elementor-element-populated\">\n\t\t\t\t\t\t\t\t<div class=\"elementor-element elementor-element-1d7ee95 elementor-widget elementor-widget-image\" data-id=\"1d7ee95\" data-element_type=\"widget\" data-settings=\"{&quot;_animation&quot;:&quot;none&quot;,&quot;_animation_delay&quot;:1500}\" data-widget_type=\"image.default\">\n\t\t\t\t<div class=\"elementor-widget-container\">\n\t\t\t\t\t\t\t\t\t\t\t\t\t\t\t<img loading=\"lazy\" decoding=\"async\" width=\"853\" height=\"1280\" src=\"https:\/\/bontruk.com\/wp-content\/uploads\/2021\/03\/AdobeStock_320771177.jpg\" class=\"attachment-full size-full\" alt=\"\" srcset=\"https:\/\/bontruk.com\/wp-content\/uploads\/2021\/03\/AdobeStock_320771177.jpg 853w, https:\/\/bontruk.com\/wp-content\/uploads\/2021\/03\/AdobeStock_320771177-682x1024.jpg 682w, https:\/\/bontruk.com\/wp-content\/uploads\/2021\/03\/AdobeStock_320771177-768x1152.jpg 768w, https:\/\/bontruk.com\/wp-content\/uploads\/2021\/03\/AdobeStock_320771177-640x960.jpg 640w, https:\/\/bontruk.com\/wp-content\/uploads\/2021\/03\/AdobeStock_320771177-400x600.jpg 400w, https:\/\/bontruk.com\/wp-content\/uploads\/2021\/03\/AdobeStock_320771177-367x551.jpg 367w\" sizes=\"auto, (max-width: 853px) 100vw, 853px\" \/>\t\t\t\t\t\t\t\t\t\t\t\t\t\t\t<\/div>\n\t\t\t\t<\/div>\n\t\t\t\t\t<\/div>\n\t\t<\/div>\n\t\t\t\t<div class=\"elementor-column elementor-col-50 elementor-top-column elementor-element elementor-element-9ba8055\" data-id=\"9ba8055\" data-element_type=\"column\">\n\t\t\t<div class=\"elementor-widget-wrap elementor-element-populated\">\n\t\t\t\t\t\t\t\t<div class=\"elementor-element elementor-element-7f5d4fa elementor-widget elementor-widget-porto_ultimate_heading\" data-id=\"7f5d4fa\" data-element_type=\"widget\" data-widget_type=\"porto_ultimate_heading.default\">\n\t\t\t\t<div class=\"elementor-widget-container\">\n\t\t\t<div class=\"porto-u-heading\" data-hspacer=\"no_spacer\" data-halign=\"left\" style=\"text-align:left\"><div class=\"porto-u-main-heading\"><h2  style=\"margin-bottom: 10px;\">ZAUFANI PARTNERZY<\/h2><\/div><div class=\"porto-u-sub-heading\" style=\"\"><p>Stosuj\u0105c zwinne metody zarz\u0105dzania projektami, dostosowujemy si\u0119 do potrzeb i oczekiwa\u0144 naszych klient\u00f3w. Ustalaj\u0105c zakres i metody realizacji projektu, od pocz\u0105tku naszej wsp\u00f3\u0142pracy pomagamy Ci odnie\u015b\u0107 sukces.<\/p><\/div><\/div>\t\t<\/div>\n\t\t\t\t<\/div>\n\t\t\t\t<div class=\"elementor-element elementor-element-d24eacf elementor-widget elementor-widget-porto_ultimate_heading\" data-id=\"d24eacf\" data-element_type=\"widget\" data-widget_type=\"porto_ultimate_heading.default\">\n\t\t\t\t<div class=\"elementor-widget-container\">\n\t\t\t<div class=\"porto-u-heading\" data-hspacer=\"no_spacer\" data-halign=\"left\" style=\"text-align:left\"><div class=\"porto-u-main-heading\"><h2  style=\"margin-bottom: 10px;\">INTERDYSCYPLINARNE PODEJ\u015aCIE<\/h2><\/div><div class=\"porto-u-sub-heading\" style=\"\"><p>Do\u015bwiadczenie zdobyte we wsp\u00f3\u0142pracy z szerokim gronem naukowc\u00f3w i przedsi\u0119biorc\u00f3w zmotywowa\u0142o nas do za\u0142o\u017cenia firmy, kt\u00f3ra realizuje ambitne projekty.<\/p><\/div><\/div>\t\t<\/div>\n\t\t\t\t<\/div>\n\t\t\t\t<div class=\"elementor-element elementor-element-a03301d elementor-widget elementor-widget-porto_ultimate_heading\" data-id=\"a03301d\" data-element_type=\"widget\" data-widget_type=\"porto_ultimate_heading.default\">\n\t\t\t\t<div class=\"elementor-widget-container\">\n\t\t\t<div class=\"porto-u-heading\" data-hspacer=\"no_spacer\" data-halign=\"left\" style=\"text-align:left\"><div class=\"porto-u-main-heading\"><h2  style=\"margin-bottom: 10px;\">KOMPLEKSOWE ROZWI\u0104ZANIA<\/h2><\/div><div class=\"porto-u-sub-heading\" style=\"\"><p>W bran\u017cy, kt\u00f3ra nieustannie si\u0119 zmienia, musimy by\u0107 zawsze na czele, aby si\u0119 wyr\u00f3\u017cnia\u0107 i zachowa\u0107 aktualno\u015b\u0107. Nasza otwarto\u015b\u0107 na zmiany i ci\u0105g\u0142e doskonalenie si\u0119 jest tym, co nap\u0119dza nasz sukces.<\/p><\/div><\/div>\t\t<\/div>\n\t\t\t\t<\/div>\n\t\t\t\t\t<\/div>\n\t\t<\/div>\n\t\t\t\t\t\t<\/div>\r\n\t\t\t\t<\/section>\r\n\t\t\t\t<section class=\"elementor-section elementor-top-section elementor-element elementor-element-75ed091 elementor-section-boxed elementor-section-height-default elementor-section-height-default\" data-id=\"75ed091\" data-element_type=\"section\">\r\n\t\t\t\r\n\t\t\t\t\t\t\t\t\t<div class=\"elementor-container elementor-column-gap-default\">\r\n\t\t\t\t\t\t\t\t\t\t\t<div class=\"elementor-column elementor-col-100 elementor-top-column elementor-element elementor-element-d766a7f\" data-id=\"d766a7f\" data-element_type=\"column\">\n\t\t\t<div class=\"elementor-widget-wrap elementor-element-populated\">\n\t\t\t\t\t\t\t\t<div class=\"elementor-element elementor-element-2938a46 elementor-widget-divider--view-line elementor-widget elementor-widget-divider\" data-id=\"2938a46\" data-element_type=\"widget\" data-widget_type=\"divider.default\">\n\t\t\t\t<div class=\"elementor-widget-container\">\n\t\t\t\t\t<div class=\"elementor-divider\">\n\t\t\t<span class=\"elementor-divider-separator\">\n\t\t\t\t\t\t<\/span>\n\t\t<\/div>\n\t\t\t\t<\/div>\n\t\t\t\t<\/div>\n\t\t\t\t<div class=\"elementor-element elementor-element-6f2ae79 mb-1 elementor-widget elementor-widget-heading\" data-id=\"6f2ae79\" data-element_type=\"widget\" data-settings=\"{&quot;_animation&quot;:&quot;none&quot;,&quot;_animation_delay&quot;:700}\" data-widget_type=\"heading.default\">\n\t\t\t\t<div class=\"elementor-widget-container\">\n\t\t\t<p class=\"elementor-heading-title elementor-size-default\">TECHNOLOGIE<\/p>\t\t<\/div>\n\t\t\t\t<\/div>\n\t\t\t\t<div class=\"elementor-element elementor-element-1e83874 elementor-widget elementor-widget-image-carousel\" data-id=\"1e83874\" data-element_type=\"widget\" data-settings=\"{&quot;slides_to_show&quot;:&quot;5&quot;,&quot;image_spacing_custom&quot;:{&quot;unit&quot;:&quot;px&quot;,&quot;size&quot;:10,&quot;sizes&quot;:[]},&quot;navigation&quot;:&quot;none&quot;,&quot;slides_to_show_mobile&quot;:&quot;3&quot;,&quot;autoplay_speed&quot;:1000,&quot;autoplay&quot;:&quot;yes&quot;,&quot;pause_on_hover&quot;:&quot;yes&quot;,&quot;pause_on_interaction&quot;:&quot;yes&quot;,&quot;infinite&quot;:&quot;yes&quot;,&quot;speed&quot;:500}\" data-widget_type=\"image-carousel.default\">\n\t\t\t\t<div class=\"elementor-widget-container\">\n\t\t\t\t\t<div class=\"elementor-image-carousel-wrapper swiper-container\" dir=\"ltr\">\n\t\t\t<div class=\"elementor-image-carousel swiper-wrapper\">\n\t\t\t\t<div class=\"swiper-slide\"><figure class=\"swiper-slide-inner\"><img decoding=\"async\" class=\"swiper-slide-image\" src=\"https:\/\/bontruk.com\/wp-content\/uploads\/2021\/03\/logo_tableau-scaled.jpg\" alt=\"logo_tableau\" \/><\/figure><\/div><div class=\"swiper-slide\"><figure class=\"swiper-slide-inner\"><img decoding=\"async\" class=\"swiper-slide-image\" src=\"https:\/\/bontruk.com\/wp-content\/uploads\/2021\/03\/logo_python.jpg\" alt=\"logo_python\" \/><\/figure><\/div><div class=\"swiper-slide\"><figure class=\"swiper-slide-inner\"><img decoding=\"async\" class=\"swiper-slide-image\" src=\"https:\/\/bontruk.com\/wp-content\/uploads\/2021\/03\/logo_google.png\" alt=\"logo_google\" \/><\/figure><\/div><div class=\"swiper-slide\"><figure class=\"swiper-slide-inner\"><img decoding=\"async\" class=\"swiper-slide-image\" src=\"https:\/\/bontruk.com\/wp-content\/uploads\/2021\/03\/logo_postresql.png\" alt=\"logo_postresql\" \/><\/figure><\/div><div class=\"swiper-slide\"><figure class=\"swiper-slide-inner\"><img decoding=\"async\" class=\"swiper-slide-image\" src=\"https:\/\/bontruk.com\/wp-content\/uploads\/2021\/03\/Azure-logo-463x210-1.png\" alt=\"Azure-logo-463x210\" \/><\/figure><\/div><div class=\"swiper-slide\"><figure class=\"swiper-slide-inner\"><img decoding=\"async\" class=\"swiper-slide-image\" src=\"https:\/\/bontruk.com\/wp-content\/uploads\/2021\/03\/logo_r.png\" alt=\"logo_r\" \/><\/figure><\/div><div class=\"swiper-slide\"><figure class=\"swiper-slide-inner\"><img decoding=\"async\" class=\"swiper-slide-image\" src=\"https:\/\/bontruk.com\/wp-content\/uploads\/2021\/03\/logo_googledatastudiodark.jpg\" alt=\"logo_googledatastudiodark\" \/><\/figure><\/div><div class=\"swiper-slide\"><figure class=\"swiper-slide-inner\"><img decoding=\"async\" class=\"swiper-slide-image\" src=\"https:\/\/bontruk.com\/wp-content\/uploads\/2021\/03\/logo_mysql.jpg\" alt=\"logo_mysql\" \/><\/figure><\/div><div class=\"swiper-slide\"><figure class=\"swiper-slide-inner\"><img decoding=\"async\" class=\"swiper-slide-image\" src=\"https:\/\/bontruk.com\/wp-content\/uploads\/2021\/03\/logo_bigquery.png\" alt=\"logo_bigquery\" \/><\/figure><\/div><div class=\"swiper-slide\"><figure class=\"swiper-slide-inner\"><img decoding=\"async\" class=\"swiper-slide-image\" src=\"https:\/\/bontruk.com\/wp-content\/uploads\/2021\/03\/logo_amazon.png\" alt=\"logo_amazon\" \/><\/figure><\/div>\t\t\t<\/div>\n\t\t\t\t\t\t\t\t\t\t\t\t\t\t\t\t<\/div>\n\t\t\t\t<\/div>\n\t\t\t\t<\/div>\n\t\t\t\t\t<\/div>\n\t\t<\/div>\n\t\t\t\t\t\t<\/div>\r\n\t\t\t\t<\/section>\r\n\t\t\t\t\t\t<\/div>\n\t\t\t\t\t<\/div>","protected":false},"excerpt":{"rendered":"<p>WHO WE ARE We connect together outstanding specialists from various fields to deliver high-end analytical services. MODERN TECHNOLOGY IN BUSINESS We help companies to increase efficiency by using the data analytics methods. We are technological partners and take care of proper selection of tools depending on the clients&#8217; needs. ARTIFICIAL INTELLIGENCE The artificial intelligence revolution [&hellip;]<\/p>","protected":false},"author":1,"featured_media":0,"parent":0,"menu_order":0,"comment_status":"closed","ping_status":"closed","template":"","meta":{"footnotes":""},"class_list":["post-19","page","type-page","status-publish","hentry"],"_links":{"self":[{"href":"https:\/\/bontruk.com\/pl\/wp-json\/wp\/v2\/pages\/19","targetHints":{"allow":["GET"]}}],"collection":[{"href":"https:\/\/bontruk.com\/pl\/wp-json\/wp\/v2\/pages"}],"about":[{"href":"https:\/\/bontruk.com\/pl\/wp-json\/wp\/v2\/types\/page"}],"author":[{"embeddable":true,"href":"https:\/\/bontruk.com\/pl\/wp-json\/wp\/v2\/users\/1"}],"replies":[{"embeddable":true,"href":"https:\/\/bontruk.com\/pl\/wp-json\/wp\/v2\/comments?post=19"}],"version-history":[{"count":30,"href":"https:\/\/bontruk.com\/pl\/wp-json\/wp\/v2\/pages\/19\/revisions"}],"predecessor-version":[{"id":1302,"href":"https:\/\/bontruk.com\/pl\/wp-json\/wp\/v2\/pages\/19\/revisions\/1302"}],"wp:attachment":[{"href":"https:\/\/bontruk.com\/pl\/wp-json\/wp\/v2\/media?parent=19"}],"curies":[{"name":"wp","href":"https:\/\/api.w.org\/{rel}","templated":true}]}}