{"id":708,"date":"2021-03-10T22:55:38","date_gmt":"2021-03-10T21:55:38","guid":{"rendered":"https:\/\/bontruk.com\/?page_id=708"},"modified":"2021-07-19T15:26:53","modified_gmt":"2021-07-19T13:26:53","slug":"machine-learning","status":"publish","type":"page","link":"https:\/\/bontruk.com\/pl\/services\/machine-learning\/","title":{"rendered":"Machine Learning"},"content":{"rendered":"<div data-elementor-type=\"wp-page\" data-elementor-id=\"708\" class=\"elementor elementor-708\" data-elementor-settings=\"[]\">\n\t\t\t\t\t\t\t<div class=\"elementor-section-wrap\">\n\t\t\t\t\t\t\t<section class=\"elementor-section elementor-top-section elementor-element elementor-element-861b595 py-4 custom-font1 pb-3 mb-4 elementor-section-stretched elementor-section-boxed elementor-section-height-default elementor-section-height-default\" data-id=\"861b595\" data-element_type=\"section\" data-settings=\"{&quot;stretch_section&quot;:&quot;section-stretched&quot;}\">\r\n\t\t\t\r\n\t\t\t\t\t\t\t\t\t<div class=\"elementor-container elementor-column-gap-no\">\r\n\t\t\t\t\t\t\t\t\t\t\t<div class=\"elementor-column elementor-col-50 elementor-top-column elementor-element elementor-element-495e59a mb-5 mb-md-0\" data-id=\"495e59a\" data-element_type=\"column\">\n\t\t\t<div class=\"elementor-widget-wrap elementor-element-populated\">\n\t\t\t\t\t\t\t\t<div class=\"elementor-element elementor-element-322729f mb-2 elementor-widget elementor-widget-heading\" data-id=\"322729f\" data-element_type=\"widget\" data-settings=\"{&quot;_animation&quot;:&quot;none&quot;,&quot;_animation_delay&quot;:600}\" data-widget_type=\"heading.default\">\n\t\t\t\t<div class=\"elementor-widget-container\">\n\t\t\t<p class=\"elementor-heading-title elementor-size-default\">ROZWI\u0143 SW\u00d3J BIZNES<\/p>\t\t<\/div>\n\t\t\t\t<\/div>\n\t\t\t\t<div class=\"elementor-element elementor-element-248134b mb-4 elementor-widget elementor-widget-heading\" data-id=\"248134b\" data-element_type=\"widget\" data-settings=\"{&quot;_animation&quot;:&quot;none&quot;,&quot;_animation_delay&quot;:800}\" data-widget_type=\"heading.default\">\n\t\t\t\t<div class=\"elementor-widget-container\">\n\t\t\t<h2 class=\"elementor-heading-title elementor-size-default\">Use the power of artificial intelligence<\/h2>\t\t<\/div>\n\t\t\t\t<\/div>\n\t\t\t\t<div class=\"elementor-element elementor-element-44e8c0a custom-font1 pb-3 mb-4 elementor-widget elementor-widget-text-editor\" data-id=\"44e8c0a\" data-element_type=\"widget\" data-settings=\"{&quot;_animation&quot;:&quot;none&quot;,&quot;_animation_delay&quot;:1400}\" data-widget_type=\"text-editor.default\">\n\t\t\t\t<div class=\"elementor-widget-container\">\n\t\t\t\t\t\t\t\t<p>Popraw wydajno\u015b\u0107 swojej firmy dzi\u0119ki naszym kompleksowym rozwi\u0105zaniom i modelom uczenia maszynowego, kt\u00f3re u\u0142atwiaj\u0105 podejmowanie decyzji. Obejmuje to klasyfikacj\u0119, prognozowanie, grupowanie, analiz\u0119 tekstu lub rozpoznawanie obrazu.<\/p>\t\t\t\t\t\t<\/div>\n\t\t\t\t<\/div>\n\t\t\t\t<div class=\"elementor-element elementor-element-52363c6 custom-arrow-icon custom-link-effect-1 custom-link-effect-3 elementor-widget elementor-widget-porto_button\" data-id=\"52363c6\" data-element_type=\"widget\" data-widget_type=\"porto_button.default\">\n\t\t\t\t<div class=\"elementor-widget-container\">\n\t\t\t<a class=\"btn btn-lg btn-secondary btn-borders btn-icon btn-icon-right\" href=\"https:\/\/bontruk.com\/pl\/contact\/\"><span >KONTAKT<\/span><i class=\"fas fa-long-arrow-alt-right\"><\/i><\/a>\t\t<\/div>\n\t\t\t\t<\/div>\n\t\t\t\t\t<\/div>\n\t\t<\/div>\n\t\t\t\t<div class=\"elementor-column elementor-col-50 elementor-top-column elementor-element elementor-element-073af02\" data-id=\"073af02\" data-element_type=\"column\">\n\t\t\t<div class=\"elementor-widget-wrap elementor-element-populated\">\n\t\t\t\t\t\t\t\t<div class=\"elementor-element elementor-element-cf1a773 custom-border-1 mb-2 elementor-widget elementor-widget-heading\" data-id=\"cf1a773\" data-element_type=\"widget\" data-settings=\"{&quot;_animation&quot;:&quot;none&quot;,&quot;_animation_delay&quot;:1400}\" data-widget_type=\"heading.default\">\n\t\t\t\t<div class=\"elementor-widget-container\">\n\t\t\t<h4 class=\"elementor-heading-title elementor-size-default\">PRZYSPIESZ PROCESY<\/h4>\t\t<\/div>\n\t\t\t\t<\/div>\n\t\t\t\t<div class=\"elementor-element elementor-element-9d73f6a custom-font1 pb-3 mb-4 elementor-widget elementor-widget-heading\" data-id=\"9d73f6a\" data-element_type=\"widget\" data-settings=\"{&quot;_animation&quot;:&quot;none&quot;,&quot;_animation_delay&quot;:1400}\" data-widget_type=\"heading.default\">\n\t\t\t\t<div class=\"elementor-widget-container\">\n\t\t\t<p class=\"elementor-heading-title elementor-size-default\">Tworzymy dostosowane modele rekomendacyjne i decyzyjne wspieraj\u0105ce wszelkiego rodzaju dzia\u0142ania biznesowe. Od wykrywania anomalii, przez klasyfikacj\u0119 danych, po prognozowanie.<\/p>\t\t<\/div>\n\t\t\t\t<\/div>\n\t\t\t\t<div class=\"elementor-element elementor-element-eb3df17 custom-border-1 mb-2 elementor-widget elementor-widget-heading\" data-id=\"eb3df17\" data-element_type=\"widget\" data-settings=\"{&quot;_animation&quot;:&quot;none&quot;,&quot;_animation_delay&quot;:1600}\" data-widget_type=\"heading.default\">\n\t\t\t\t<div class=\"elementor-widget-container\">\n\t\t\t<h4 class=\"elementor-heading-title elementor-size-default\">ROZWI\u0104ZUJ Z\u0141O\u017bONE PROBLEMY<\/h4>\t\t<\/div>\n\t\t\t\t<\/div>\n\t\t\t\t<div class=\"elementor-element elementor-element-88d43ff custom-font1 pb-3 mb-4 elementor-widget elementor-widget-heading\" data-id=\"88d43ff\" data-element_type=\"widget\" data-settings=\"{&quot;_animation&quot;:&quot;none&quot;,&quot;_animation_delay&quot;:1400}\" data-widget_type=\"heading.default\">\n\t\t\t\t<div class=\"elementor-widget-container\">\n\t\t\t<p class=\"elementor-heading-title elementor-size-default\">Przy ogromnej ilo\u015bci danych trudno jest z\u0142apa\u0107 ka\u017cd\u0105 szans\u0119 lub wz\u00f3r. Modele uczenia maszynowego daj\u0105 mo\u017cliwo\u015b\u0107 wdra\u017cania innowacyjnych i op\u0142acalnych przedsi\u0119wzi\u0119\u0107 w Twojej firmie.<\/p>\t\t<\/div>\n\t\t\t\t<\/div>\n\t\t\t\t<div class=\"elementor-element elementor-element-79f3343 custom-border-1 mb-2 elementor-widget elementor-widget-heading\" data-id=\"79f3343\" data-element_type=\"widget\" data-settings=\"{&quot;_animation&quot;:&quot;none&quot;,&quot;_animation_delay&quot;:1800}\" data-widget_type=\"heading.default\">\n\t\t\t\t<div class=\"elementor-widget-container\">\n\t\t\t<h4 class=\"elementor-heading-title elementor-size-default\">DOWOLNY RODZAJ DANYCH<\/h4>\t\t<\/div>\n\t\t\t\t<\/div>\n\t\t\t\t<div class=\"elementor-element elementor-element-a25d8ca custom-font1 pb-3 mb-4 elementor-widget elementor-widget-heading\" data-id=\"a25d8ca\" data-element_type=\"widget\" data-settings=\"{&quot;_animation&quot;:&quot;none&quot;,&quot;_animation_delay&quot;:1400}\" data-widget_type=\"heading.default\">\n\t\t\t\t<div class=\"elementor-widget-container\">\n\t\t\t<p class=\"elementor-heading-title elementor-size-default\">Projektujemy, budujemy i utrzymujemy modele uczenia maszynowego, kt\u00f3re analizuj\u0105 nieustrukturyzowany tekst, tabele danych, obrazy, d\u017awi\u0119k. Niezale\u017cnie od tego czy potrzebujesz klasycznego modelu opartego na tabelach, czy solidnego rozpoznawania obraz\u00f3w, mamy to wszystko.<\/p>\t\t<\/div>\n\t\t\t\t<\/div>\n\t\t\t\t<div class=\"elementor-element elementor-element-47418b3 custom-border-1 mb-2 elementor-widget elementor-widget-heading\" data-id=\"47418b3\" data-element_type=\"widget\" data-settings=\"{&quot;_animation&quot;:&quot;none&quot;,&quot;_animation_delay&quot;:1800}\" data-widget_type=\"heading.default\">\n\t\t\t\t<div class=\"elementor-widget-container\">\n\t\t\t<h4 class=\"elementor-heading-title elementor-size-default\">R\u00d3\u017bNE ZASTOSOWANIA<\/h4>\t\t<\/div>\n\t\t\t\t<\/div>\n\t\t\t\t<div class=\"elementor-element elementor-element-15bc65e custom-font1 pb-3 mb-4 elementor-widget elementor-widget-heading\" data-id=\"15bc65e\" data-element_type=\"widget\" data-settings=\"{&quot;_animation&quot;:&quot;none&quot;,&quot;_animation_delay&quot;:1400}\" data-widget_type=\"heading.default\">\n\t\t\t\t<div class=\"elementor-widget-container\">\n\t\t\t<p class=\"elementor-heading-title elementor-size-default\">Dostarczamy wiedz\u0119 o wielu dobrze przetestowanych aplikacjach sztucznej inteligencji. Najpopularniejsze - scoring ryzyka finansowego, prognozowanie popytu, profilowanie klient\u00f3w. I tysi\u0105ce mniej oczywistych, takich jak konserwacja prewencyjna, klasyfikacja obraz\u00f3w z dron\u00f3w, analiza nastroj\u00f3w<\/p>\t\t<\/div>\n\t\t\t\t<\/div>\n\t\t\t\t\t<\/div>\n\t\t<\/div>\n\t\t\t\t\t\t<\/div>\r\n\t\t\t\t<\/section>\r\n\t\t\t\t\t\t<\/div>\n\t\t\t\t\t<\/div>","protected":false},"excerpt":{"rendered":"<p>EXTEND YOUR BUSINESS Use the power of artificial intelligence Improve your business efficiency through our end-to-end solutions and machine learning models that improve decision making. This includes classifying, forecasting, clustering, text analysis or image recognition. Get A Quote SPEED UP THE PROCESSES We build customized recommendation and decision models to support any kind of business [&hellip;]<\/p>","protected":false},"author":1,"featured_media":0,"parent":7,"menu_order":0,"comment_status":"closed","ping_status":"closed","template":"","meta":{"footnotes":""},"class_list":["post-708","page","type-page","status-publish","hentry"],"_links":{"self":[{"href":"https:\/\/bontruk.com\/pl\/wp-json\/wp\/v2\/pages\/708","targetHints":{"allow":["GET"]}}],"collection":[{"href":"https:\/\/bontruk.com\/pl\/wp-json\/wp\/v2\/pages"}],"about":[{"href":"https:\/\/bontruk.com\/pl\/wp-json\/wp\/v2\/types\/page"}],"author":[{"embeddable":true,"href":"https:\/\/bontruk.com\/pl\/wp-json\/wp\/v2\/users\/1"}],"replies":[{"embeddable":true,"href":"https:\/\/bontruk.com\/pl\/wp-json\/wp\/v2\/comments?post=708"}],"version-history":[{"count":21,"href":"https:\/\/bontruk.com\/pl\/wp-json\/wp\/v2\/pages\/708\/revisions"}],"predecessor-version":[{"id":1332,"href":"https:\/\/bontruk.com\/pl\/wp-json\/wp\/v2\/pages\/708\/revisions\/1332"}],"up":[{"embeddable":true,"href":"https:\/\/bontruk.com\/pl\/wp-json\/wp\/v2\/pages\/7"}],"wp:attachment":[{"href":"https:\/\/bontruk.com\/pl\/wp-json\/wp\/v2\/media?parent=708"}],"curies":[{"name":"wp","href":"https:\/\/api.w.org\/{rel}","templated":true}]}}