{"id":714,"date":"2021-03-10T22:56:53","date_gmt":"2021-03-10T21:56:53","guid":{"rendered":"https:\/\/bontruk.com\/?page_id=714"},"modified":"2021-07-19T15:17:30","modified_gmt":"2021-07-19T13:17:30","slug":"data-analytics","status":"publish","type":"page","link":"https:\/\/bontruk.com\/pl\/services\/data-analytics\/","title":{"rendered":"Analityka Danych"},"content":{"rendered":"<div data-elementor-type=\"wp-page\" data-elementor-id=\"714\" class=\"elementor elementor-714\" data-elementor-settings=\"[]\">\n\t\t\t\t\t\t\t<div class=\"elementor-section-wrap\">\n\t\t\t\t\t\t\t<section class=\"elementor-section elementor-top-section elementor-element elementor-element-1560d0c py-4 custom-font1 pb-3 mb-4 elementor-section-stretched elementor-section-boxed elementor-section-height-default elementor-section-height-default\" data-id=\"1560d0c\" data-element_type=\"section\" data-settings=\"{&quot;stretch_section&quot;:&quot;section-stretched&quot;}\">\r\n\t\t\t\r\n\t\t\t\t\t\t\t\t\t<div class=\"elementor-container elementor-column-gap-no\">\r\n\t\t\t\t\t\t\t\t\t\t\t<div class=\"elementor-column elementor-col-50 elementor-top-column elementor-element elementor-element-752a6e2 mb-5 mb-md-0\" data-id=\"752a6e2\" data-element_type=\"column\">\n\t\t\t<div class=\"elementor-widget-wrap elementor-element-populated\">\n\t\t\t\t\t\t\t\t<div class=\"elementor-element elementor-element-64fa100 mb-2 elementor-widget elementor-widget-heading\" data-id=\"64fa100\" data-element_type=\"widget\" data-settings=\"{&quot;_animation&quot;:&quot;none&quot;,&quot;_animation_delay&quot;:600}\" data-widget_type=\"heading.default\">\n\t\t\t\t<div class=\"elementor-widget-container\">\n\t\t\t<p class=\"elementor-heading-title elementor-size-default\">ROZWI\u0143 SW\u00d3J BIZNES<\/p>\t\t<\/div>\n\t\t\t\t<\/div>\n\t\t\t\t<div class=\"elementor-element elementor-element-a1c8ed6 mb-4 elementor-widget elementor-widget-heading\" data-id=\"a1c8ed6\" data-element_type=\"widget\" data-settings=\"{&quot;_animation&quot;:&quot;none&quot;,&quot;_animation_delay&quot;:800}\" data-widget_type=\"heading.default\">\n\t\t\t\t<div class=\"elementor-widget-container\">\n\t\t\t<h2 class=\"elementor-heading-title elementor-size-default\">Analityka danych na \u017c\u0105danie, dla ka\u017cdego rodzaju sprawy<\/h2>\t\t<\/div>\n\t\t\t\t<\/div>\n\t\t\t\t<div class=\"elementor-element elementor-element-4733b10 custom-font1 pb-3 mb-4 elementor-widget elementor-widget-text-editor\" data-id=\"4733b10\" data-element_type=\"widget\" data-settings=\"{&quot;_animation&quot;:&quot;none&quot;,&quot;_animation_delay&quot;:1400}\" data-widget_type=\"text-editor.default\">\n\t\t\t\t<div class=\"elementor-widget-container\">\n\t\t\t\t\t\t\t\t<p class=\"mb-4 pb-1\">Nasze analizy s\u0105 dostosowane do Twoich potrzeb, umo\u017cliwiaj\u0105c maksymalizacj\u0119 przychod\u00f3w i wdra\u017canie metod zarz\u0105dzania opartych na danych. Przeanalizuj, jak zmiany w Twoich dzia\u0142aniach wp\u0142ywaj\u0105 na biznes.<\/p>\t\t\t\t\t\t<\/div>\n\t\t\t\t<\/div>\n\t\t\t\t<div class=\"elementor-element elementor-element-caa72e5 custom-arrow-icon custom-link-effect-1 custom-link-effect-3 elementor-widget elementor-widget-porto_button\" data-id=\"caa72e5\" data-element_type=\"widget\" data-widget_type=\"porto_button.default\">\n\t\t\t\t<div class=\"elementor-widget-container\">\n\t\t\t<a class=\"btn btn-lg btn-secondary btn-borders btn-icon btn-icon-right\" href=\"https:\/\/bontruk.com\/pl\/contact\/\"><span >KONTAKT<\/span><i class=\"fas fa-long-arrow-alt-right\"><\/i><\/a>\t\t<\/div>\n\t\t\t\t<\/div>\n\t\t\t\t\t<\/div>\n\t\t<\/div>\n\t\t\t\t<div class=\"elementor-column elementor-col-50 elementor-top-column elementor-element elementor-element-f397faf\" data-id=\"f397faf\" data-element_type=\"column\">\n\t\t\t<div class=\"elementor-widget-wrap elementor-element-populated\">\n\t\t\t\t\t\t\t\t<div class=\"elementor-element elementor-element-954c955 custom-border-1 mb-2 elementor-widget elementor-widget-heading\" data-id=\"954c955\" data-element_type=\"widget\" data-settings=\"{&quot;_animation&quot;:&quot;none&quot;,&quot;_animation_delay&quot;:1400}\" data-widget_type=\"heading.default\">\n\t\t\t\t<div class=\"elementor-widget-container\">\n\t\t\t<h4 class=\"elementor-heading-title elementor-size-default\">POZNAJ WNIOSKI Z DANYCH<\/h4>\t\t<\/div>\n\t\t\t\t<\/div>\n\t\t\t\t<div class=\"elementor-element elementor-element-c57fcb4 custom-font1 pb-3 mb-4 elementor-widget elementor-widget-heading\" data-id=\"c57fcb4\" data-element_type=\"widget\" data-settings=\"{&quot;_animation&quot;:&quot;none&quot;,&quot;_animation_delay&quot;:1400}\" data-widget_type=\"heading.default\">\n\t\t\t\t<div class=\"elementor-widget-container\">\n\t\t\t<p class=\"elementor-heading-title elementor-size-default\">Pomagamy odkry\u0107 w\u0105skie gard\u0142a i obszary wymagaj\u0105ce poprawy, opracowuj\u0105c spersonalizowan\u0105 analiz\u0119 danych. U\u017cywamy danych aby zweryfikowa\u0107 Twoje hipotezy. Zrozum lepiej swoj\u0105 firm\u0119 dzi\u0119ki zaawansowanej analizie danych.<\/p>\t\t<\/div>\n\t\t\t\t<\/div>\n\t\t\t\t<div class=\"elementor-element elementor-element-6c84087 custom-border-1 mb-2 elementor-widget elementor-widget-heading\" data-id=\"6c84087\" data-element_type=\"widget\" data-settings=\"{&quot;_animation&quot;:&quot;none&quot;,&quot;_animation_delay&quot;:1600}\" data-widget_type=\"heading.default\">\n\t\t\t\t<div class=\"elementor-widget-container\">\n\t\t\t<h4 class=\"elementor-heading-title elementor-size-default\">ANALITYKA ZORIENTOWANA NA CEL\n<\/h4>\t\t<\/div>\n\t\t\t\t<\/div>\n\t\t\t\t<div class=\"elementor-element elementor-element-2914c90 custom-font1 pb-3 mb-4 elementor-widget elementor-widget-heading\" data-id=\"2914c90\" data-element_type=\"widget\" data-settings=\"{&quot;_animation&quot;:&quot;none&quot;,&quot;_animation_delay&quot;:1400}\" data-widget_type=\"heading.default\">\n\t\t\t\t<div class=\"elementor-widget-container\">\n\t\t\t<p class=\"elementor-heading-title elementor-size-default\">Indywidualne analizy danych zapewniaj\u0105 szczeg\u00f3\u0142owe informacje o wydajno\u015bci ka\u017cdego dzia\u0142ania. Widzisz, jak wysi\u0142ki s\u0105 zamieniane na prawdziwe pieni\u0105dze.\nWykonuj z nami eksperymenty i testy maj\u0105c pe\u0142ne wsparcie analizy wynik\u00f3w i rekomendacji.<\/p>\t\t<\/div>\n\t\t\t\t<\/div>\n\t\t\t\t\t<\/div>\n\t\t<\/div>\n\t\t\t\t\t\t<\/div>\r\n\t\t\t\t<\/section>\r\n\t\t\t\t\t\t<\/div>\n\t\t\t\t\t<\/div>","protected":false},"excerpt":{"rendered":"<p>EXTEND YOUR BUSINESS Data analytics on demand, for any kind of matter Our analyses are tailored to your needs, enabling you to maximize your revenues and implement data driven management methods. Analyze how changes in your activities impact the business overall. Get A Quote DISCOVER DATA INSIGHTS We help you to discover bottlenecks and areas [&hellip;]<\/p>","protected":false},"author":1,"featured_media":0,"parent":7,"menu_order":0,"comment_status":"closed","ping_status":"closed","template":"","meta":{"footnotes":""},"class_list":["post-714","page","type-page","status-publish","hentry"],"_links":{"self":[{"href":"https:\/\/bontruk.com\/pl\/wp-json\/wp\/v2\/pages\/714","targetHints":{"allow":["GET"]}}],"collection":[{"href":"https:\/\/bontruk.com\/pl\/wp-json\/wp\/v2\/pages"}],"about":[{"href":"https:\/\/bontruk.com\/pl\/wp-json\/wp\/v2\/types\/page"}],"author":[{"embeddable":true,"href":"https:\/\/bontruk.com\/pl\/wp-json\/wp\/v2\/users\/1"}],"replies":[{"embeddable":true,"href":"https:\/\/bontruk.com\/pl\/wp-json\/wp\/v2\/comments?post=714"}],"version-history":[{"count":14,"href":"https:\/\/bontruk.com\/pl\/wp-json\/wp\/v2\/pages\/714\/revisions"}],"predecessor-version":[{"id":1320,"href":"https:\/\/bontruk.com\/pl\/wp-json\/wp\/v2\/pages\/714\/revisions\/1320"}],"up":[{"embeddable":true,"href":"https:\/\/bontruk.com\/pl\/wp-json\/wp\/v2\/pages\/7"}],"wp:attachment":[{"href":"https:\/\/bontruk.com\/pl\/wp-json\/wp\/v2\/media?parent=714"}],"curies":[{"name":"wp","href":"https:\/\/api.w.org\/{rel}","templated":true}]}}